{"id":15,"date":"2023-02-28T17:42:53","date_gmt":"2023-02-28T17:42:53","guid":{"rendered":"https:\/\/moinhosdejancido.pt\/pt\/?page_id=15"},"modified":"2023-06-08T16:59:19","modified_gmt":"2023-06-08T16:59:19","slug":"sobre","status":"publish","type":"page","link":"https:\/\/moinhosdejancido.pt\/pt\/sobre\/","title":{"rendered":"Sobre"},"content":{"rendered":"\n<p class=\"has-drop-cap\">Moinhos de rod\u00edzio, s\u00e3o pequenos edif\u00edcios constru\u00eddos em pedra de xisto ou granito, compostos por mecanismos acionados a \u00e1gua.<\/p>\n\n\n\n<p>Ao longo do Ribeiro de Cai \u00e1guas em Jancido, podem ser observadas v\u00e1rias estruturas de moinhos tradicionais de rod\u00edzio com as suas levadas e represas.<\/p>\n\n\n\n<p>Estas estruturas t\u00eam mais de 300 anos, s\u00e3o alimentados pelo pequeno curso de \u00e1gua que vai adquirindo caudal com a aflu\u00eancia de \u00e1gua proveniente das nascentes existentes ao longo dos seus 1000 metros de curso, \u00e9 um curso de \u00e1gua afluente do rio Sousa e desagua no paradis\u00edaco lugar de Cai \u00c1guas.<\/p>\n\n\n\n<p>\u201c\u2026 A duas l\u00e9guas do Porto, tive ha tempos ensejo de observar uns moinhos, cuja situa\u00e7\u00e3o pittoresca daria um motivo a um pintor de talento para o mais delicioso quadro de paisagem. Era na conflu\u00eancia do Sousa e do Ferreira, correndo entre montanhas alpestres que pareciam debru\u00e7ar-se curiosas e ciumentas para assistir ao noivado dos dois rios. Um ilydio de Florian num scen\u00e1rio de salvador Rosa.\u201d<\/p>\n\n\n\n<p class=\"has-text-align-right has-small-font-size\">\u201cO ARCHEOLOGO PORTUGU\u00caS\u201d \u2013 1896, Francisco Sousa Viterbo<\/p>\n\n\n\n<p class=\"has-text-align-right has-small-font-size\"><\/p>\n\n\n\n<p>A \u00e1gua era outrora utilizada como regadio tradicional e sistema de moagem de cai \u00e1guas, com base na partilha de \u00e1gua de consortes da aldeia de Jancido, era utilizada na rega dos emblem\u00e1ticos locais conhecidos da popula\u00e7\u00e3o, Lameiro, Cavadas e Ausenda.<\/p>\n\n\n\n<p>Existem 8 moinhos de rod\u00edzio, distribu\u00eddos ao longo do j\u00e1 referido Ribeiro de cai \u00e1guas, moinhos tinham como \u00fanica fun\u00e7\u00e3o transforma\u00e7\u00e3o do milho e outros cereais em farinha que teria com aplica\u00e7\u00e3o principal o fabrico do p\u00e3o.<\/p>\n\n\n\n<p>Durante a d\u00e9cada de 1970, estes moinhos progressivamente deixaram de laborar, o aparecimento dos moinhos el\u00e9tricos levaram ao abandono dos tradicionais moinhos de rod\u00edzio movidos a \u00e1gua. Existem mem\u00f3rias que a \u00faltima volta aconteceu no ano de 1979<\/p>\n\n\n\n<p>No final de 2016 os moinhos de Jancido j\u00e1 completamente em ru\u00ednas, at\u00e9 que um grupo de amigos, denominado \u201cMoinhos de Jancido\u201d puseram m\u00e3os \u00e0 obra para a preserva\u00e7\u00e3o dos mesmos.<\/p>\n\n\n\n<p>As a\u00e7\u00f5es incidem recupera\u00e7\u00e3o\/reconstru\u00e7\u00e3o, e refloresta\u00e7\u00e3o da zona envolvente aos moinhos.<\/p>\n\n\n\n<p>Este grupo est\u00e1 em atividade desde 2016 tendo j\u00e1 efetuado a\u00e7\u00f5es de voluntariado abertas \u00e0 popula\u00e7\u00e3o, participaram j\u00e1 nestas a\u00e7\u00f5es cerca 60 volunt\u00e1rios capitalizando at\u00e9 \u00e0 data de 2950 horas de trabalho volunt\u00e1rio.<\/p>\n\n\n\n<p>\u00c9 j\u00e1 muito o trabalho realizado, \u00e9 j\u00e1 um local visita essencialmente pelos moradores da metropolitana do Porto, mas tamb\u00e9m por cidad\u00e3os de Castelo de Paiva, Famalic\u00e3o, Cinf\u00e3es, Caldas da Rainha, vila da Feira, entre outras localidades.<\/p>\n\n\n\n<p>Este grupo de voluntariado tem j\u00e1 recebido algumas refer\u00eancias de boas pr\u00e1ticas ambientais (Serras do Porto, CRE, Projeto Futuro 100.000 Arvores), pelos trabalhos de recupera\u00e7\u00e3o dos moinhos, pela preserva\u00e7\u00e3o das florestas envolvente, pela planta\u00e7\u00e3o de \u00e1rvores e arbustos aut\u00f3ctones assim como na preserva\u00e7\u00e3o da vida animal como s\u00e3o exemplo as salamandras Lusit\u00e2nicas, as salamandras de pintas amarelam, os trit\u00f5es e a r\u00e3 ib\u00e9rica.<\/p>\n\n\n\n<p>Atualmente o grupo designado por &#8220;Rapazes de Jancido&#8221;, conta com os seguintes elementos:<\/p>\n\n\n\n<p>Albino Manuel Sousa<br>Ant\u00f3nio Gon\u00e7alves<br>Fernando Sousa<br>Manuel Sousa<br>Paulo Campos<\/p>\n\n\n\n<p><\/p>\n","protected":false},"excerpt":{"rendered":"<p>Moinhos de rod\u00edzio, s\u00e3o pequenos edif\u00edcios constru\u00eddos em pedra de xisto ou granito, compostos por mecanismos acionados a \u00e1gua. Ao &hellip; <\/p>\n<p class=\"link-more\"><a href=\"https:\/\/moinhosdejancido.pt\/pt\/sobre\/\" class=\"more-link fw-bold\"><span class=\"more-link-arrow me-2 position-relative rounded-circle d-inline-block\"><\/span> Continue reading<span class=\"screen-reader-text\"> &#8220;Sobre&#8221;<\/span><\/a><\/p>\n","protected":false},"author":1,"featured_media":0,"parent":0,"menu_order":0,"comment_status":"closed","ping_status":"closed","template":"","meta":{"footnotes":""},"class_list":["post-15","page","type-page","status-publish","hentry"],"yoast_head":"<!-- This site is optimized with the Yoast SEO plugin v21.3 - https:\/\/yoast.com\/wordpress\/plugins\/seo\/ -->\n<title>Sobre - Moinhos de Jancido<\/title>\n<meta name=\"robots\" content=\"index, follow, max-snippet:-1, max-image-preview:large, max-video-preview:-1\" \/>\n<link rel=\"canonical\" href=\"https:\/\/moinhosdejancido.pt\/pt\/sobre\/\" \/>\n<meta property=\"og:locale\" content=\"pt_PT\" \/>\n<meta property=\"og:type\" content=\"article\" \/>\n<meta property=\"og:title\" content=\"Sobre - Moinhos de Jancido\" \/>\n<meta property=\"og:description\" content=\"Moinhos de rod\u00edzio, s\u00e3o pequenos edif\u00edcios constru\u00eddos em pedra de xisto ou granito, compostos por mecanismos acionados a \u00e1gua. Ao &hellip; Continue reading &quot;Sobre&quot;\" \/>\n<meta property=\"og:url\" content=\"https:\/\/moinhosdejancido.pt\/pt\/sobre\/\" \/>\n<meta property=\"og:site_name\" content=\"Moinhos de Jancido\" \/>\n<meta property=\"article:modified_time\" content=\"2023-06-08T16:59:19+00:00\" \/>\n<meta name=\"twitter:card\" content=\"summary_large_image\" \/>\n<meta name=\"twitter:label1\" content=\"Tempo estimado de leitura\" \/>\n\t<meta name=\"twitter:data1\" content=\"3 minutos\" \/>\n<script type=\"application\/ld+json\" class=\"yoast-schema-graph\">{\"@context\":\"https:\/\/schema.org\",\"@graph\":[{\"@type\":\"WebPage\",\"@id\":\"https:\/\/moinhosdejancido.pt\/pt\/sobre\/\",\"url\":\"https:\/\/moinhosdejancido.pt\/pt\/sobre\/\",\"name\":\"Sobre - Moinhos de Jancido\",\"isPartOf\":{\"@id\":\"https:\/\/moinhosdejancido.pt\/pt\/#website\"},\"datePublished\":\"2023-02-28T17:42:53+00:00\",\"dateModified\":\"2023-06-08T16:59:19+00:00\",\"breadcrumb\":{\"@id\":\"https:\/\/moinhosdejancido.pt\/pt\/sobre\/#breadcrumb\"},\"inLanguage\":\"pt-PT\",\"potentialAction\":[{\"@type\":\"ReadAction\",\"target\":[\"https:\/\/moinhosdejancido.pt\/pt\/sobre\/\"]}]},{\"@type\":\"BreadcrumbList\",\"@id\":\"https:\/\/moinhosdejancido.pt\/pt\/sobre\/#breadcrumb\",\"itemListElement\":[{\"@type\":\"ListItem\",\"position\":1,\"name\":\"In\u00edcio\",\"item\":\"https:\/\/moinhosdejancido.pt\/pt\/\"},{\"@type\":\"ListItem\",\"position\":2,\"name\":\"Sobre\"}]},{\"@type\":\"WebSite\",\"@id\":\"https:\/\/moinhosdejancido.pt\/pt\/#website\",\"url\":\"https:\/\/moinhosdejancido.pt\/pt\/\",\"name\":\"Moinhos de Jancido\",\"description\":\"Moinhos de Jancido\",\"publisher\":{\"@id\":\"https:\/\/moinhosdejancido.pt\/pt\/#organization\"},\"potentialAction\":[{\"@type\":\"SearchAction\",\"target\":{\"@type\":\"EntryPoint\",\"urlTemplate\":\"https:\/\/moinhosdejancido.pt\/pt\/?s={search_term_string}\"},\"query-input\":\"required name=search_term_string\"}],\"inLanguage\":\"pt-PT\"},{\"@type\":\"Organization\",\"@id\":\"https:\/\/moinhosdejancido.pt\/pt\/#organization\",\"name\":\"Moinhos de Jancido\",\"url\":\"https:\/\/moinhosdejancido.pt\/pt\/\",\"logo\":{\"@type\":\"ImageObject\",\"inLanguage\":\"pt-PT\",\"@id\":\"https:\/\/moinhosdejancido.pt\/pt\/#\/schema\/logo\/image\/\",\"url\":\"https:\/\/moinhosdejancido.pt\/pt\/wp-content\/uploads\/2023\/02\/cropped-MOINHOS_SITE_TESTE_LOGO.png\",\"contentUrl\":\"https:\/\/moinhosdejancido.pt\/pt\/wp-content\/uploads\/2023\/02\/cropped-MOINHOS_SITE_TESTE_LOGO.png\",\"width\":215,\"height\":38,\"caption\":\"Moinhos de Jancido\"},\"image\":{\"@id\":\"https:\/\/moinhosdejancido.pt\/pt\/#\/schema\/logo\/image\/\"}}]}<\/script>\n<!-- \/ Yoast SEO plugin. -->","yoast_head_json":{"title":"Sobre - Moinhos de Jancido","robots":{"index":"index","follow":"follow","max-snippet":"max-snippet:-1","max-image-preview":"max-image-preview:large","max-video-preview":"max-video-preview:-1"},"canonical":"https:\/\/moinhosdejancido.pt\/pt\/sobre\/","og_locale":"pt_PT","og_type":"article","og_title":"Sobre - Moinhos de Jancido","og_description":"Moinhos de rod\u00edzio, s\u00e3o pequenos edif\u00edcios constru\u00eddos em pedra de xisto ou granito, compostos por mecanismos acionados a \u00e1gua. Ao &hellip; Continue reading \"Sobre\"","og_url":"https:\/\/moinhosdejancido.pt\/pt\/sobre\/","og_site_name":"Moinhos de Jancido","article_modified_time":"2023-06-08T16:59:19+00:00","twitter_card":"summary_large_image","twitter_misc":{"Tempo estimado de leitura":"3 minutos"},"schema":{"@context":"https:\/\/schema.org","@graph":[{"@type":"WebPage","@id":"https:\/\/moinhosdejancido.pt\/pt\/sobre\/","url":"https:\/\/moinhosdejancido.pt\/pt\/sobre\/","name":"Sobre - Moinhos de Jancido","isPartOf":{"@id":"https:\/\/moinhosdejancido.pt\/pt\/#website"},"datePublished":"2023-02-28T17:42:53+00:00","dateModified":"2023-06-08T16:59:19+00:00","breadcrumb":{"@id":"https:\/\/moinhosdejancido.pt\/pt\/sobre\/#breadcrumb"},"inLanguage":"pt-PT","potentialAction":[{"@type":"ReadAction","target":["https:\/\/moinhosdejancido.pt\/pt\/sobre\/"]}]},{"@type":"BreadcrumbList","@id":"https:\/\/moinhosdejancido.pt\/pt\/sobre\/#breadcrumb","itemListElement":[{"@type":"ListItem","position":1,"name":"In\u00edcio","item":"https:\/\/moinhosdejancido.pt\/pt\/"},{"@type":"ListItem","position":2,"name":"Sobre"}]},{"@type":"WebSite","@id":"https:\/\/moinhosdejancido.pt\/pt\/#website","url":"https:\/\/moinhosdejancido.pt\/pt\/","name":"Moinhos de Jancido","description":"Moinhos de Jancido","publisher":{"@id":"https:\/\/moinhosdejancido.pt\/pt\/#organization"},"potentialAction":[{"@type":"SearchAction","target":{"@type":"EntryPoint","urlTemplate":"https:\/\/moinhosdejancido.pt\/pt\/?s={search_term_string}"},"query-input":"required name=search_term_string"}],"inLanguage":"pt-PT"},{"@type":"Organization","@id":"https:\/\/moinhosdejancido.pt\/pt\/#organization","name":"Moinhos de Jancido","url":"https:\/\/moinhosdejancido.pt\/pt\/","logo":{"@type":"ImageObject","inLanguage":"pt-PT","@id":"https:\/\/moinhosdejancido.pt\/pt\/#\/schema\/logo\/image\/","url":"https:\/\/moinhosdejancido.pt\/pt\/wp-content\/uploads\/2023\/02\/cropped-MOINHOS_SITE_TESTE_LOGO.png","contentUrl":"https:\/\/moinhosdejancido.pt\/pt\/wp-content\/uploads\/2023\/02\/cropped-MOINHOS_SITE_TESTE_LOGO.png","width":215,"height":38,"caption":"Moinhos de Jancido"},"image":{"@id":"https:\/\/moinhosdejancido.pt\/pt\/#\/schema\/logo\/image\/"}}]}},"_links":{"self":[{"href":"https:\/\/moinhosdejancido.pt\/pt\/wp-json\/wp\/v2\/pages\/15","targetHints":{"allow":["GET"]}}],"collection":[{"href":"https:\/\/moinhosdejancido.pt\/pt\/wp-json\/wp\/v2\/pages"}],"about":[{"href":"https:\/\/moinhosdejancido.pt\/pt\/wp-json\/wp\/v2\/types\/page"}],"author":[{"embeddable":true,"href":"https:\/\/moinhosdejancido.pt\/pt\/wp-json\/wp\/v2\/users\/1"}],"replies":[{"embeddable":true,"href":"https:\/\/moinhosdejancido.pt\/pt\/wp-json\/wp\/v2\/comments?post=15"}],"version-history":[{"count":3,"href":"https:\/\/moinhosdejancido.pt\/pt\/wp-json\/wp\/v2\/pages\/15\/revisions"}],"predecessor-version":[{"id":148,"href":"https:\/\/moinhosdejancido.pt\/pt\/wp-json\/wp\/v2\/pages\/15\/revisions\/148"}],"wp:attachment":[{"href":"https:\/\/moinhosdejancido.pt\/pt\/wp-json\/wp\/v2\/media?parent=15"}],"curies":[{"name":"wp","href":"https:\/\/api.w.org\/{rel}","templated":true}]}}